{"id":119,"date":"2022-05-27T12:40:56","date_gmt":"2022-05-27T12:40:56","guid":{"rendered":"https:\/\/sportano.ro\/blog\/?page_id=119"},"modified":"2025-04-02T11:07:27","modified_gmt":"2025-04-02T11:07:27","slug":"regulamentul-utilizarii-serviciului-de-blog-sportano-ro","status":"publish","type":"page","link":"https:\/\/sportano.ro\/blog\/regulamentul-utilizarii-serviciului-de-blog-sportano-ro\/","title":{"rendered":"REGULAMENTUL UTILIZ\u0102RII SERVICIULUI DE BLOG SPORTANO.RO"},"content":{"rendered":"\n<p class=\"has-text-align-center\"><strong>I.\u202f\u202f\u202f\u202f\u202f\u202f\u202f\u202f\u202f\u202f DISPOZI\u021aII GENERALE<\/strong><br><\/p>\n\n\n\n<p>1. Regulamentul descrie regulile pentru serviciul de Blog (denumit \u00een continuare: &#8222;Blog&#8221;) \u00een cadrul serviciului Internet disponibil sub domeniul <a href=\"https:\/\/sportano.ro\" target=\"_blank\" rel=\"noreferrer noopener\">www.sportano.ro<\/a> (denumit \u00een continuare: &#8222;Regulament Blog&#8221;) de c\u0103tre SPORTANO.COM Sp. z o.o. societate cu r\u0103spundere limitat\u0103 cu sediul \u00een Zielona G\u00f3ra (str. Wroc\u0142awska 17B\/15, 65-427 Zielona G\u00f3ra), \u00eenscris\u0103 \u00een Registrul \u00centreprinz\u0103torilor \u021binut de Tribunalul Districtual din Zielona G\u00f3ra, Sec\u021bia a 8-a Comercial\u0103 &#8211; Registrul Na\u021bional al Instan\u021belor, cu num\u0103rul KRS 0000896178, CIF 9731077223, REGON 388722422, BDO 000550240, capital social 25 325 950,00 PLN, adresa site-ului web: www.sportano.ro, adresa de e-mail: <a href=\"mailto:contact@sportano.ro\" target=\"_blank\" rel=\"noreferrer noopener\">contact@sportano.ro<\/a>, num\u0103rul de telefon: <a href=\"tel: +4\u00a0031\u00a0782 9656\">+4\u00a0031\u00a0782 9656<\/a><a href=\"tel:\" target=\"_blank\" rel=\"noreferrer noopener\"> <\/a>(tarif normal &#8211; \u00een conformitate cu lista de pre\u021buri a operatorului corespunz\u0103tor) (\u00een continuare: &#8222;SPORTANO&#8221;).<strong>[actualizarea defini\u021biei V\u00e2nz\u0103torului \u00een leg\u0103tur\u0103 cu modificarea firmei (denumirii) V\u00e2nz\u0103torului \u0219i schimbarea volorii capitalului social la data de 2022.11.28]<\/strong><\/p>\n\n\n\n<p>2. Termenii cu majuscule care nu sunt defini\u021bi \u00een Regulamentul Blogului au \u00een\u021belesul care le este dat \u00een Regulamentul Blogului, cu excep\u021bia cazului \u00een care se prevede altfel \u00een Regulamentul Blogului.<\/p>\n\n\n\n<p>3. Orice persoan\u0103 fizic\u0103 sau juridic\u0103 care utilizeaz\u0103 Blogul (\u00een continuare: &#8222;Utilizator&#8221;) este obligat\u0103 s\u0103 citeasc\u0103 Regulamentul Blogului \u00eenainte de a utiliza Blogul.<br><br>4. Regulamentul Blogului este pus la dispozi\u021bie gratuit \u00een format electronic \u00een subsolul paginii de subsol de pe pagina de start a serviceului SPORTANO la adresa: https:\/\/sportano.ro\/blog\/regulamin\/ \u0219i pe suport de h\u00e2rtie la sediul SPORTANO.<\/p>\n\n\n\n<p class=\"has-text-align-center\"><strong>II.\u202f\u202f\u202f\u202f\u202f\u202f\u202f\u202f\u202f SERVICIUL BLOG<\/strong><br><\/p>\n\n\n\n<p>1. Prin intermediul serviciului de Blog, SPORTANO va furniza serviciul de punere la dispozi\u021bie a con\u021binutului cu o perioad\u0103 limitat\u0103 de valabilitate sau de utilitate, prezentat\u0103 de la cea mai nou\u0103 (cea mai recent publicat\u0103) la cea mai veche intrare, \u00een special \u00een natura intr\u0103rilor de \u0219tiri. SPORTANO are dreptul de a modifica \u00een orice moment con\u021binutul publicat pe serviviul Blogului, inclusiv de a face modific\u0103ri la toate sau la o parte din informa\u021biile prezentate pe site, de a \u00eenlocui fi\u0219ierele desc\u0103rcabile \u0219i de a retrage par\u021bial sau total con\u021binutul publicat.<\/p>\n\n\n\n<p>2. \u00cenceperea utiliz\u0103rii Blogului (\u00eencheierea contractului de furnizare a Blogului) are loc dup\u0103 lansarea corect\u0103 a serviciului const\u00e2nd \u00een afi\u0219area url-ului propriu &#8211; <a href=\"https:\/\/sportano.ro\/blog\/\">https:\/\/sportano.ro\/blog\/<\/a>, \u00een special prin introducerea urm\u0103toarei adrese \u00een bara de adrese a browser-ului de internet: https:\/\/sportano.ro\/blog\/.\u202fUtilizatorului dup\u0103 ce intr\u0103 pe site-ul https:\/\/sportano.ro\/blog\/, i se afi\u0219eaz\u0103 un mesaj \u00een partea de jos a ecranului cu informa\u021bii privind acceptarea Regulamentului Blogului \u0219i informa\u021bii privind prelucrarea cookie-urilor.\u202fUtilizarea Blogului echivaleaz\u0103 cu acceptarea Regulamentului Blogului.<br><\/p>\n\n\n\n<p>3. Blogul este furnizat gratuit pentru o perioad\u0103 nedeterminat\u0103.<\/p>\n\n\n\n<p>4. Utilizatorul este obligat, \u00een special, s\u0103:<\/p>\n\n\n\n<p>a) s\u0103 utilizeze Blogul \u00eentr-o manier\u0103 conform\u0103 cu legisla\u021bia \u00een vigoare \u0219i care nu \u00eencalc\u0103 drepturile ter\u021bilor, \u00een conformitate cu prevederile Regulamentului Serviciului Blog, precum \u0219i cu obiceiurile \u0219i regulile de convie\u021buire social\u0103;<\/p>\n\n\n\n<p>b) s\u0103 furnizeze c\u0103tre SPORTANO numai date adev\u0103rate, actuale \u0219i toate datele necesare;<\/p>\n\n\n\n<p>c) s\u0103 actualizeze cu promptitudine datele furnizate c\u0103tre SPORTANO \u00een leg\u0103tur\u0103 cu \u00eencheierea unui acord de furnizare a serviciului Blog, \u00een cazul \u00een care furnizarea de date este necesar\u0103 pentru utilizarea acestui serviciu;<\/p>\n\n\n\n<p>d) s\u0103 nu furnizeze sau s\u0103 transmit\u0103, \u00een cadrul serviciului Blog, niciun con\u021binut care este interzis de legisla\u021bia \u00een vigoare, \u00een special con\u021binut care \u00eencalc\u0103 drepturile de autor ale ter\u021bilor sau drepturile lor personale.<\/p>\n\n\n\n<p>5. Utilizarea Blogului, inclusiv \u00eencheierea unui contract de furnizare a serviciului Blog, necesit\u0103 ca echipamentul terminal \u0219i sistemul TIC al Utilizatorului s\u0103 \u00eendeplineasc\u0103 urm\u0103toarele cerin\u021be tehnice minime, \u0219i anume: posesia unui computer sau a unui alt dispozitiv conectat la Internet cu o rezolu\u021bie minim\u0103 a ecranului de 1280 x 720 pixeli, echipat cu cel pu\u021bin unul dintre urm\u0103toarele browsere web: Chrome versiunea 94 \u0219i versiunile superioare, Internet Explorer versiunea 11 \u0219i versiunile superioare, Firefox versiunea 93 \u0219i versiunile superioare, Edge versiunea 94 \u0219i versiunile superioare, Safari versiunea 14 \u0219i versiunile superioare, Opera versiunea 80 \u0219i versiunile superioare, care accept\u0103 Java Script \u0219i permite salvarea de cookie-uri.<\/p>\n\n\n\n<p>6. Utilizarea Blogului ca serviciu electronic este asociat\u0103 cu riscurile tipice legate de transmiterea de date pe Internet, cum ar fi difuzarea datelor utilizatorului, accesul de c\u0103tre persoane neautorizate sau pierderea acestora. SPORTANO \u0219i utilizatorii sunt obliga\u021bi s\u0103 ia m\u0103suri pentru a minimiza aceste riscuri.<\/p>\n\n\n\n<p class=\"has-text-align-center\"><strong>\u202f III.\u202f\u202f\u202f\u202f\u202f\u202f\u202f\u202f PRELUCRAREA DATELOR CU CARACTER PERSONAL<\/strong><br><\/p>\n\n\n\n<p>1. Datele cu caracter personal ale utilizatorului sunt prelucrate de SPORTANO \u00een calitate de operator de date cu caracter personal. Furnizarea datelor cu caracter personal de c\u0103tre utilizator este voluntar\u0103, dar necesar\u0103 pentru a utiliza blogul. Necomunicarea datelor personale necesare pentru un anumit tip de serviciu \u00een cadrul Blogului poate duce la imposibilitatea de a utiliza anumite servicii oferite de SPORTANO \u00een cadrul Blogului.<\/p>\n\n\n\n<p>2. Informa\u021bii detaliate privind protec\u021bia datelor sunt cuprinse \u00een <a href=\"https:\/\/sportano.ro\/politica-de-confidentialitate-si-cookie\">Politica de confiden\u021bialitate \u0219i Cookies<\/a>.<\/p>\n\n\n\n<p class=\"has-text-align-center\"><strong>IV.\u202f\u202f\u202f\u202f\u202f\u202f\u202f \u202fPROPRIETATE INTELECTUAL\u0102<\/strong><\/p>\n\n\n\n<p class=\"has-text-align-left\"><br>1. Drepturile asupra tuturor elementelor, inclusiv asupra operelor, astfel cum sunt definite de Legea privind drepturile de autor \u0219i drepturile conexe din 4 februarie 1994, puse la dispozi\u021bie de SPORTANO sau de partenerii s\u0103i, \u0219i \u00een special drepturile de autor, sunt de\u021binute de SPORTANO sau de entit\u0103\u021bile cu care SPORTANO a \u00eencheiat acordurile relevante.<br><br>2. Utilizatorul are dreptul de a utiliza gratuit con\u021binutul men\u021bionat mai sus exclusiv pentru uz personal \u0219i numai \u00een scopul utiliz\u0103rii corecte a blogului, f\u0103r\u0103 restric\u021bii teritoriale. Utilizarea con\u021binutului men\u021bionat mai sus \u00eentr-un alt domeniu de aplicare este permis\u0103 numai pe baza unui consim\u021b\u0103m\u00e2nt expres \u0219i prealabil acordat \u00een scris de c\u0103tre o entitate autorizat\u0103, sub sanc\u021biunea nulit\u0103\u021bii.<\/p>\n\n\n\n<p class=\"has-text-align-center\"><strong>V.\u202f\u202f\u202f\u202f\u202f\u202f\u202f\u202f\u202f RECLAMA\u021aII<\/strong><\/p>\n\n\n\n<p>1. Utilizatorul poate raporta nereguli legate de serviciul Blog sub form\u0103 de reclama\u021bii. Reclama\u021biile pot fi transmise, de exemplu, pe e-mail la adresa de e-mail:: <a href=\"mailto:contact@sportano.ro\">contact@sportano.ro<\/a>.<br><br>2. O pl\u00e2ngere este procesat\u0103 de SPORTANO imediat, \u00een termen de cel mult 14 zile de la depunerea acesteia.<br><br>3. Pentru a accelera procesarea reclama\u021biei, se recomand\u0103 s\u0103 furniza\u021bi numele \u0219i datele de contact ale persoanei care a depus reclama\u021bia, precum \u0219i o descriere a motivelor care justific\u0103 reclama\u021bia.<br><br>4.  Nici SPORTANO, nici angaja\u021bii, reprezentan\u021bii autoriza\u021bi \u0219i agen\u021bii s\u0103i nu vor fi r\u0103spunz\u0103tori fa\u021b\u0103 de Utilizatorul neconsumator, subcontractan\u021bii s\u0103i, angaja\u021bii, reprezentan\u021bii autoriza\u021bi \u0219i\/sau agen\u021bii s\u0103i pentru orice daune, inclusiv pierderea profitului, cu excep\u021bia cazului \u00een care daunele au fost cauzate de ace\u0219tia \u00een mod inten\u021bionat. \u00cen orice caz de stabilire a r\u0103spunderii SPORTANO, a angaja\u021bilor s\u0103i, a reprezentan\u021bilor autoriza\u021bi \u0219i\/sau a agen\u021bilor, aceast\u0103 r\u0103spundere fa\u021b\u0103 de Utilizatorul neconsumator, indiferent de temeiul juridic, va fi limitat\u0103 &#8211; at\u00e2t ca parte a unei singure cereri, c\u00e2t \u0219i pentru toate cererile \u00een total &#8211; la suma de 500 lei.<\/p>\n\n\n\n<p class=\"has-text-align-center\"><strong>\u202f VI.\u202f\u202f\u202f\u202f\u202f\u202f\u202f REZILIEREA CONTRACTULUI \u0218I MODIFICAREA REGULAMENTULUI BLOGULUI<\/strong><br><\/p>\n\n\n\n<p>1. Utilizatorul are op\u021biunea, \u00een orice moment \u0219i f\u0103r\u0103 a oferi motive, de a renun\u021ba la utilizarea blogului (rezilierea contractului de servicii de blog), \u00een special prin \u00eenchiderea site-ului SPORTANO pe care este publicat articolul de pe blog.&nbsp;<\/p>\n\n\n\n<p>2. SPORTANO poate, \u00een orice moment, s\u0103 rezilieze contractul de furnizare a serviciilor de blog cu un preaviz de 14 zile pentru urm\u0103toarele motive importante:<\/p>\n\n\n\n<p>a) modificarea reglement\u0103rilor legale care reglementeaz\u0103 furnizarea de servicii electronice de c\u0103tre SPORTANO \u0219i care afecteaz\u0103 drepturile \u0219i obliga\u021biile reciproce prev\u0103zute \u00een acordul de furnizare a Blogului sau o modificare a interpret\u0103rii reglement\u0103rilor legale men\u021bionate mai sus ca urmare a hot\u0103r\u00e2rilor judec\u0103tore\u0219ti, deciziilor, recomand\u0103rilor sau recomand\u0103rilor autorit\u0103\u021bilor sau organelor competente;<\/p>\n\n\n\n<p>b) modificarea furniz\u0103rii serviciilor din motive tehnice sau tehnologice, de exemplu, actualizarea cerin\u021belor tehnice indicate \u00een Regulamentul privind blogurile;<\/p>\n\n\n\n<p>c) schimbarea domeniului de aplicare sau de furnizare a serviciilor la care se aplic\u0103 Regulamentul Blogului, prin introducerea de noi func\u021bionalit\u0103\u021bi sau servicii, modificarea sau retragerea de c\u0103tre SPORTANO a unor func\u021bionalit\u0103\u021bi sau servicii existente acoperite de Regulamentul Blogului;<\/p>\n\n\n\n<p>d) modificarea domeniului de aplicare sau a modului de furnizare a serviciilor de c\u0103tre entit\u0103\u021bile care coopereaz\u0103 cu SPORTANO prin introducerea de noi func\u021bionalit\u0103\u021bi sau servicii, modificarea sau retragerea de c\u0103tre aceste entit\u0103\u021bi a unor func\u021bionalit\u0103\u021bi sau servicii existente, care afecteaz\u0103 drepturile \u0219i obliga\u021biile reciproce dintre Utilizator \u0219i SPORTANO.<\/p>\n\n\n\n<p>3. SPORTANO \u00ee\u0219i prezint\u0103 declara\u021bia \u00een cadrul domeniului de aplicare specificat la alineatul (2) prin publicarea acesteia pe site-ul web \u00een cadrul c\u0103ruia este pus la dispozi\u021bie Blogul: <a href=\"https:\/\/sportano.ro\/blog\/\">https:\/\/sportano.ro\/blog\/<\/a>.&nbsp;<br><\/p>\n\n\n\n<p>4. SPORTANO poate refuza Utilizatorului dreptul de a mai utiliza Blogul, precum \u0219i rezilia contractul Blogului cu o perioad\u0103 de preaviz de 7 zile \u00een cazul unei \u00eenc\u0103lc\u0103ri flagrante de c\u0103tre Utilizator a punctului II. parag. 4 litera a din Regulamentul Blogului.<br><\/p>\n\n\n\n<p>5. SPORTANO poate modifica prezentul Regulament al blogului din motive importante, \u00een special \u00een cazul apari\u021biei a cel pu\u021bin unuia dintre motivele prev\u0103zute la punctul 2 de mai sus.<br><\/p>\n\n\n\n<p>6. \u00cen cazul unor modific\u0103ri ale Regulamentului Blogului, SPORTANO va pune la dispozi\u021bie textul consolidat al Regulamentului Blogului prin publicarea acestuia \u00een cadrul site-ului SPORTANO disponibil la domeniul www.sportano.pl, care va permite citirea textului consolidat al Regulamentului \u0219i salvarea acestuia.<br><br>7. Modificarea Regulamentului privind blogurile intr\u0103 \u00een vigoare la sf\u00e2r\u0219itul a 14 zile de la data public\u0103rii informa\u021biilor privind modificarea. Utilizatorul are dreptul de a rezilia contractul de furnizare a Blogului \u00een termen de 14 zile de la data notific\u0103rii modific\u0103rii Regulamentului Blogului.<\/p>\n\n\n\n<p class=\"has-text-align-center\"><strong>VII.\u202f\u202f\u202f\u202f\u202f\u202f DISPOZI\u021aII FINALE<\/strong><\/p>\n\n\n\n<p>1. Regulamentele 1st Blog intr\u0103 \u00een vigoare \u00eencep\u00e2nd cu 10.05.2022.<\/p>\n\n\n\n<p class=\"has-text-align-left\">2. Contractul de furnizare a blogului se \u00eencheie \u00een limba rom\u00e2n\u0103.<\/p>\n\n\n\n<p>3. Consolidarea, securitatea \u0219i accesibilitatea dispozi\u021biilor esen\u021biale ale acordului \u00eencheiat privind furnizarea blogului se realizeaz\u0103 prin punerea la dispozi\u021bie a Regulamentului blogului \u00een subsolul paginii de subsol a site-ului web la adresa: <a href=\"https:\/\/sportano.ro\/blog\/regulamentul-utilizarii-serviciului-de-blog-sportano-ro\/\">https:\/\/sportano.ro\/blog\/regulament\/ <\/a>\u00eentr-o manier\u0103 care s\u0103 permit\u0103 desc\u0103rcarea, reproducerea \u0219i salvarea acesteia pe dispozitivul utilizatorului.<\/p>\n\n\n\n<p>4. \u00cen aspectele care nu sunt reglementate de Regulamentul Blogului se aplic\u0103 dispozi\u021biile universale aplicabile ale legisla\u021biei poloneze.<\/p>\n","protected":false},"excerpt":{"rendered":"<p>I.\u202f\u202f\u202f\u202f\u202f\u202f\u202f\u202f\u202f\u202f DISPOZI\u021aII GENERALE 1. Regulamentul descrie regulile pentru serviciul de Blog (denumit \u00een continuare: &#8222;Blog&#8221;) \u00een cadrul serviciului Internet disponibil sub domeniul www.sportano.ro (denumit \u00een continuare: &#8222;Regulament Blog&#8221;) de c\u0103tre SPORTANO.COM Sp. z o.o. societate cu r\u0103spundere limitat\u0103 cu sediul \u00een Zielona G\u00f3ra (str. Wroc\u0142awska 17B\/15, 65-427 Zielona G\u00f3ra), \u00eenscris\u0103 \u00een Registrul \u00centreprinz\u0103torilor \u021binut de [&hellip;]<\/p>\n","protected":false},"author":7,"featured_media":0,"parent":0,"menu_order":0,"comment_status":"closed","ping_status":"closed","template":"","meta":{"_acf_changed":false,"footnotes":""},"class_list":["post-119","page","type-page","status-publish","hentry"],"acf":[],"yoast_head":"<!-- This site is optimized with the Yoast SEO plugin v27.1.1 - https:\/\/yoast.com\/product\/yoast-seo-wordpress\/ -->\n<title>REGULAMENTUL UTILIZ\u0102RII SERVICIULUI DE BLOG SPORTANO.RO - Blog Sportano.ro<\/title>\n<meta name=\"robots\" content=\"index, follow, max-snippet:-1, max-image-preview:large, max-video-preview:-1\" \/>\n<link rel=\"canonical\" href=\"https:\/\/sportano.ro\/blog\/regulamentul-utilizarii-serviciului-de-blog-sportano-ro\/\" \/>\n<meta property=\"og:locale\" content=\"ro_RO\" \/>\n<meta property=\"og:type\" content=\"article\" \/>\n<meta property=\"og:title\" content=\"REGULAMENTUL UTILIZ\u0102RII SERVICIULUI DE BLOG SPORTANO.RO - Blog Sportano.ro\" \/>\n<meta property=\"og:description\" content=\"I.\u202f\u202f\u202f\u202f\u202f\u202f\u202f\u202f\u202f\u202f DISPOZI\u021aII GENERALE 1. Regulamentul descrie regulile pentru serviciul de Blog (denumit \u00een continuare: &#8222;Blog&#8221;) \u00een cadrul serviciului Internet disponibil sub domeniul www.sportano.ro (denumit \u00een continuare: &#8222;Regulament Blog&#8221;) de c\u0103tre SPORTANO.COM Sp. z o.o. societate cu r\u0103spundere limitat\u0103 cu sediul \u00een Zielona G\u00f3ra (str. Wroc\u0142awska 17B\/15, 65-427 Zielona G\u00f3ra), \u00eenscris\u0103 \u00een Registrul \u00centreprinz\u0103torilor \u021binut de [&hellip;]\" \/>\n<meta property=\"og:url\" content=\"https:\/\/sportano.ro\/blog\/regulamentul-utilizarii-serviciului-de-blog-sportano-ro\/\" \/>\n<meta property=\"article:modified_time\" content=\"2025-04-02T11:07:27+00:00\" \/>\n<meta name=\"twitter:card\" content=\"summary_large_image\" \/>\n<meta name=\"twitter:label1\" content=\"Timp estimat pentru citire\" \/>\n\t<meta name=\"twitter:data1\" content=\"9 minute\" \/>\n<!-- \/ Yoast SEO plugin. -->","yoast_head_json":{"title":"REGULAMENTUL UTILIZ\u0102RII SERVICIULUI DE BLOG SPORTANO.RO - Blog Sportano.ro","robots":{"index":"index","follow":"follow","max-snippet":"max-snippet:-1","max-image-preview":"max-image-preview:large","max-video-preview":"max-video-preview:-1"},"canonical":"https:\/\/sportano.ro\/blog\/regulamentul-utilizarii-serviciului-de-blog-sportano-ro\/","og_locale":"ro_RO","og_type":"article","og_title":"REGULAMENTUL UTILIZ\u0102RII SERVICIULUI DE BLOG SPORTANO.RO - Blog Sportano.ro","og_description":"I.\u202f\u202f\u202f\u202f\u202f\u202f\u202f\u202f\u202f\u202f DISPOZI\u021aII GENERALE 1. Regulamentul descrie regulile pentru serviciul de Blog (denumit \u00een continuare: &#8222;Blog&#8221;) \u00een cadrul serviciului Internet disponibil sub domeniul www.sportano.ro (denumit \u00een continuare: &#8222;Regulament Blog&#8221;) de c\u0103tre SPORTANO.COM Sp. z o.o. societate cu r\u0103spundere limitat\u0103 cu sediul \u00een Zielona G\u00f3ra (str. Wroc\u0142awska 17B\/15, 65-427 Zielona G\u00f3ra), \u00eenscris\u0103 \u00een Registrul \u00centreprinz\u0103torilor \u021binut de [&hellip;]","og_url":"https:\/\/sportano.ro\/blog\/regulamentul-utilizarii-serviciului-de-blog-sportano-ro\/","article_modified_time":"2025-04-02T11:07:27+00:00","twitter_card":"summary_large_image","twitter_misc":{"Timp estimat pentru citire":"9 minute"},"schema":{"@context":"https:\/\/schema.org","@graph":[{"@type":"WebPage","@id":"https:\/\/sportano.ro\/blog\/regulamentul-utilizarii-serviciului-de-blog-sportano-ro\/","url":"https:\/\/sportano.ro\/blog\/regulamentul-utilizarii-serviciului-de-blog-sportano-ro\/","name":"REGULAMENTUL UTILIZ\u0102RII SERVICIULUI DE BLOG SPORTANO.RO - Blog Sportano.ro","isPartOf":{"@id":"https:\/\/sportano.ro\/blog\/#website"},"datePublished":"2022-05-27T12:40:56+00:00","dateModified":"2025-04-02T11:07:27+00:00","breadcrumb":{"@id":"https:\/\/sportano.ro\/blog\/regulamentul-utilizarii-serviciului-de-blog-sportano-ro\/#breadcrumb"},"inLanguage":"ro-RO","potentialAction":[{"@type":"ReadAction","target":["https:\/\/sportano.ro\/blog\/regulamentul-utilizarii-serviciului-de-blog-sportano-ro\/"]}]},{"@type":"BreadcrumbList","@id":"https:\/\/sportano.ro\/blog\/regulamentul-utilizarii-serviciului-de-blog-sportano-ro\/#breadcrumb","itemListElement":[{"@type":"ListItem","position":1,"name":"Pagina principal\u0103","item":"https:\/\/sportano.ro\/blog\/"},{"@type":"ListItem","position":2,"name":"REGULAMENTUL UTILIZ\u0102RII SERVICIULUI DE BLOG SPORTANO.RO"}]},{"@type":"WebSite","@id":"https:\/\/sportano.ro\/blog\/#website","url":"https:\/\/sportano.ro\/blog\/","name":"","description":"","publisher":{"@id":"https:\/\/sportano.ro\/blog\/#organization"},"potentialAction":[{"@type":"SearchAction","target":{"@type":"EntryPoint","urlTemplate":"https:\/\/sportano.ro\/blog\/?s={search_term_string}"},"query-input":{"@type":"PropertyValueSpecification","valueRequired":true,"valueName":"search_term_string"}}],"inLanguage":"ro-RO"},{"@type":"Organization","@id":"https:\/\/sportano.ro\/blog\/#organization","name":"Sportano.ro","url":"https:\/\/sportano.ro\/blog\/","logo":{"@type":"ImageObject","inLanguage":"ro-RO","@id":"https:\/\/sportano.ro\/blog\/#\/schema\/logo\/image\/","url":"http:\/\/sportano.ro\/blog\/wp-content\/uploads\/2022\/04\/sportano-blog-logo.png","contentUrl":"http:\/\/sportano.ro\/blog\/wp-content\/uploads\/2022\/04\/sportano-blog-logo.png","width":1200,"height":200,"caption":"Sportano.ro"},"image":{"@id":"https:\/\/sportano.ro\/blog\/#\/schema\/logo\/image\/"}}]}},"_links":{"self":[{"href":"https:\/\/sportano.ro\/blog\/wp-json\/wp\/v2\/pages\/119","targetHints":{"allow":["GET"]}}],"collection":[{"href":"https:\/\/sportano.ro\/blog\/wp-json\/wp\/v2\/pages"}],"about":[{"href":"https:\/\/sportano.ro\/blog\/wp-json\/wp\/v2\/types\/page"}],"author":[{"embeddable":true,"href":"https:\/\/sportano.ro\/blog\/wp-json\/wp\/v2\/users\/7"}],"replies":[{"embeddable":true,"href":"https:\/\/sportano.ro\/blog\/wp-json\/wp\/v2\/comments?post=119"}],"version-history":[{"count":16,"href":"https:\/\/sportano.ro\/blog\/wp-json\/wp\/v2\/pages\/119\/revisions"}],"predecessor-version":[{"id":2800,"href":"https:\/\/sportano.ro\/blog\/wp-json\/wp\/v2\/pages\/119\/revisions\/2800"}],"wp:attachment":[{"href":"https:\/\/sportano.ro\/blog\/wp-json\/wp\/v2\/media?parent=119"}],"curies":[{"name":"wp","href":"https:\/\/api.w.org\/{rel}","templated":true}]}}