{"id":255,"date":"2022-05-31T11:51:15","date_gmt":"2022-05-31T11:51:15","guid":{"rendered":"https:\/\/sportano.ro\/blog\/?page_id=255"},"modified":"2022-06-01T08:20:47","modified_gmt":"2022-06-01T08:20:47","slug":"contact","status":"publish","type":"page","link":"https:\/\/sportano.ro\/blog\/contact\/","title":{"rendered":"Contact"},"content":{"rendered":"\n<p>Ave\u021bi \u00eentreb\u0103ri despre un anumit articol? C\u0103uta\u021bi un r\u0103spuns la o \u00eentrebare legat\u0103 de sport sau ave\u021bi nevoie de informa\u021bii despre un produs men\u021bionat \u00eentr-un articol? Sau poate dori\u021bi s\u0103 aborda\u021bi un anumit subiect pe blog?<\/p>\n\n\n\n<p>Scrie\u021bi-ne direct la adresa: <a href=\"mailto:contact@sportano.ro\" target=\"_blank\" rel=\"noreferrer noopener\"><strong>contact@sportano.ro<\/strong><\/a><\/p>\n","protected":false},"excerpt":{"rendered":"<p>Ave\u021bi \u00eentreb\u0103ri despre un anumit articol? C\u0103uta\u021bi un r\u0103spuns la o \u00eentrebare legat\u0103 de sport sau ave\u021bi nevoie de informa\u021bii despre un produs men\u021bionat \u00eentr-un articol? Sau poate dori\u021bi s\u0103 aborda\u021bi un anumit subiect pe blog? Scrie\u021bi-ne direct la adresa: contact@sportano.ro<\/p>\n","protected":false},"author":7,"featured_media":0,"parent":0,"menu_order":0,"comment_status":"closed","ping_status":"closed","template":"","meta":{"_acf_changed":false,"footnotes":""},"class_list":["post-255","page","type-page","status-publish","hentry"],"acf":[],"yoast_head":"<!-- This site is optimized with the Yoast SEO plugin v27.1.1 - https:\/\/yoast.com\/product\/yoast-seo-wordpress\/ -->\n<title>Contact - Blog Sportano.ro<\/title>\n<meta name=\"robots\" content=\"index, follow, max-snippet:-1, max-image-preview:large, max-video-preview:-1\" \/>\n<link rel=\"canonical\" href=\"https:\/\/sportano.ro\/blog\/contact\/\" \/>\n<meta property=\"og:locale\" content=\"ro_RO\" \/>\n<meta property=\"og:type\" content=\"article\" \/>\n<meta property=\"og:title\" content=\"Contact - Blog Sportano.ro\" \/>\n<meta property=\"og:description\" content=\"Ave\u021bi \u00eentreb\u0103ri despre un anumit articol? C\u0103uta\u021bi un r\u0103spuns la o \u00eentrebare legat\u0103 de sport sau ave\u021bi nevoie de informa\u021bii despre un produs men\u021bionat \u00eentr-un articol? Sau poate dori\u021bi s\u0103 aborda\u021bi un anumit subiect pe blog? Scrie\u021bi-ne direct la adresa: contact@sportano.ro\" \/>\n<meta property=\"og:url\" content=\"https:\/\/sportano.ro\/blog\/contact\/\" \/>\n<meta property=\"article:modified_time\" content=\"2022-06-01T08:20:47+00:00\" \/>\n<meta name=\"twitter:card\" content=\"summary_large_image\" \/>\n<meta name=\"twitter:label1\" content=\"Timp estimat pentru citire\" \/>\n\t<meta name=\"twitter:data1\" content=\"1 minut\" \/>\n<!-- \/ Yoast SEO plugin. -->","yoast_head_json":{"title":"Contact - Blog Sportano.ro","robots":{"index":"index","follow":"follow","max-snippet":"max-snippet:-1","max-image-preview":"max-image-preview:large","max-video-preview":"max-video-preview:-1"},"canonical":"https:\/\/sportano.ro\/blog\/contact\/","og_locale":"ro_RO","og_type":"article","og_title":"Contact - Blog Sportano.ro","og_description":"Ave\u021bi \u00eentreb\u0103ri despre un anumit articol? C\u0103uta\u021bi un r\u0103spuns la o \u00eentrebare legat\u0103 de sport sau ave\u021bi nevoie de informa\u021bii despre un produs men\u021bionat \u00eentr-un articol? Sau poate dori\u021bi s\u0103 aborda\u021bi un anumit subiect pe blog? Scrie\u021bi-ne direct la adresa: contact@sportano.ro","og_url":"https:\/\/sportano.ro\/blog\/contact\/","article_modified_time":"2022-06-01T08:20:47+00:00","twitter_card":"summary_large_image","twitter_misc":{"Timp estimat pentru citire":"1 minut"},"schema":{"@context":"https:\/\/schema.org","@graph":[{"@type":"WebPage","@id":"https:\/\/sportano.ro\/blog\/contact\/","url":"https:\/\/sportano.ro\/blog\/contact\/","name":"Contact - Blog Sportano.ro","isPartOf":{"@id":"https:\/\/sportano.ro\/blog\/#website"},"datePublished":"2022-05-31T11:51:15+00:00","dateModified":"2022-06-01T08:20:47+00:00","breadcrumb":{"@id":"https:\/\/sportano.ro\/blog\/contact\/#breadcrumb"},"inLanguage":"ro-RO","potentialAction":[{"@type":"ReadAction","target":["https:\/\/sportano.ro\/blog\/contact\/"]}]},{"@type":"BreadcrumbList","@id":"https:\/\/sportano.ro\/blog\/contact\/#breadcrumb","itemListElement":[{"@type":"ListItem","position":1,"name":"Pagina principal\u0103","item":"https:\/\/sportano.ro\/blog\/"},{"@type":"ListItem","position":2,"name":"Contact"}]},{"@type":"WebSite","@id":"https:\/\/sportano.ro\/blog\/#website","url":"https:\/\/sportano.ro\/blog\/","name":"","description":"","publisher":{"@id":"https:\/\/sportano.ro\/blog\/#organization"},"potentialAction":[{"@type":"SearchAction","target":{"@type":"EntryPoint","urlTemplate":"https:\/\/sportano.ro\/blog\/?s={search_term_string}"},"query-input":{"@type":"PropertyValueSpecification","valueRequired":true,"valueName":"search_term_string"}}],"inLanguage":"ro-RO"},{"@type":"Organization","@id":"https:\/\/sportano.ro\/blog\/#organization","name":"Sportano.ro","url":"https:\/\/sportano.ro\/blog\/","logo":{"@type":"ImageObject","inLanguage":"ro-RO","@id":"https:\/\/sportano.ro\/blog\/#\/schema\/logo\/image\/","url":"http:\/\/sportano.ro\/blog\/wp-content\/uploads\/2022\/04\/sportano-blog-logo.png","contentUrl":"http:\/\/sportano.ro\/blog\/wp-content\/uploads\/2022\/04\/sportano-blog-logo.png","width":1200,"height":200,"caption":"Sportano.ro"},"image":{"@id":"https:\/\/sportano.ro\/blog\/#\/schema\/logo\/image\/"}}]}},"_links":{"self":[{"href":"https:\/\/sportano.ro\/blog\/wp-json\/wp\/v2\/pages\/255","targetHints":{"allow":["GET"]}}],"collection":[{"href":"https:\/\/sportano.ro\/blog\/wp-json\/wp\/v2\/pages"}],"about":[{"href":"https:\/\/sportano.ro\/blog\/wp-json\/wp\/v2\/types\/page"}],"author":[{"embeddable":true,"href":"https:\/\/sportano.ro\/blog\/wp-json\/wp\/v2\/users\/7"}],"replies":[{"embeddable":true,"href":"https:\/\/sportano.ro\/blog\/wp-json\/wp\/v2\/comments?post=255"}],"version-history":[{"count":2,"href":"https:\/\/sportano.ro\/blog\/wp-json\/wp\/v2\/pages\/255\/revisions"}],"predecessor-version":[{"id":304,"href":"https:\/\/sportano.ro\/blog\/wp-json\/wp\/v2\/pages\/255\/revisions\/304"}],"wp:attachment":[{"href":"https:\/\/sportano.ro\/blog\/wp-json\/wp\/v2\/media?parent=255"}],"curies":[{"name":"wp","href":"https:\/\/api.w.org\/{rel}","templated":true}]}}