{"id":362,"date":"2022-06-03T08:32:02","date_gmt":"2022-06-03T08:32:02","guid":{"rendered":"https:\/\/sportano.ro\/blog\/?page_id=362"},"modified":"2022-06-03T08:32:02","modified_gmt":"2022-06-03T08:32:02","slug":"editorii","status":"publish","type":"page","link":"https:\/\/sportano.ro\/blog\/editorii\/","title":{"rendered":"Editorii"},"content":{"rendered":"\n<p><strong>Din pasiune pentru un stil de via\u021b\u0103 sportiv<\/strong><\/p>\n\n\n\n<p>Echipa blogului Sportano.ro este format\u0103 din sportivi pasiona\u021bi \u0219i entuzia\u0219ti de recreere activ\u0103, precum \u0219i din speciali\u0219ti de pe pia\u021ba de e-commerce. Cu cuno\u0219tin\u021bele \u0219i experien\u021ba noastr\u0103, dorim s\u0103 insufl\u0103m energie sportiv\u0103 \u00eencep\u0103torilor, s\u0103 motiv\u0103m \u0219i s\u0103 sprijinim entuzia\u0219tii \u0219i profesioni\u0219tii \u00een ridicarea performan\u021belor lor la cel mai \u00eenalt nivel.<\/p>\n\n\n\n<p>Pentru noi, activitatea fizic\u0103 nu este doar un corp s\u0103n\u0103tos \u0219i \u00een form\u0103, ci \u0219i un stil de via\u021b\u0103, o pasiune \u0219i un mod de a petrece timpul liber. Dorim s\u0103 v\u0103 \u00eencuraj\u0103m s\u0103 accepta\u021bi provoc\u0103rile sportive \u0219i s\u0103 v\u0103 \u00eencuraj\u0103m s\u0103 v\u0103 dep\u0103\u0219i\u021bi sl\u0103biciunile.<\/p>\n","protected":false},"excerpt":{"rendered":"<p>Din pasiune pentru un stil de via\u021b\u0103 sportiv Echipa blogului Sportano.ro este format\u0103 din sportivi pasiona\u021bi \u0219i entuzia\u0219ti de recreere activ\u0103, precum \u0219i din speciali\u0219ti de pe pia\u021ba de e-commerce. Cu cuno\u0219tin\u021bele \u0219i experien\u021ba noastr\u0103, dorim s\u0103 insufl\u0103m energie sportiv\u0103 \u00eencep\u0103torilor, s\u0103 motiv\u0103m \u0219i s\u0103 sprijinim entuzia\u0219tii \u0219i profesioni\u0219tii \u00een ridicarea performan\u021belor lor la cel [&hellip;]<\/p>\n","protected":false},"author":7,"featured_media":363,"parent":0,"menu_order":0,"comment_status":"closed","ping_status":"closed","template":"","meta":{"_acf_changed":false,"footnotes":""},"class_list":["post-362","page","type-page","status-publish","has-post-thumbnail","hentry"],"acf":[],"yoast_head":"<!-- This site is optimized with the Yoast SEO plugin v27.1.1 - https:\/\/yoast.com\/product\/yoast-seo-wordpress\/ -->\n<title>Editorii - Blog Sportano.ro<\/title>\n<meta name=\"robots\" content=\"index, follow, max-snippet:-1, max-image-preview:large, max-video-preview:-1\" \/>\n<link rel=\"canonical\" href=\"https:\/\/sportano.ro\/blog\/editorii\/\" \/>\n<meta property=\"og:locale\" content=\"ro_RO\" \/>\n<meta property=\"og:type\" content=\"article\" \/>\n<meta property=\"og:title\" content=\"Editorii - Blog Sportano.ro\" \/>\n<meta property=\"og:description\" content=\"Din pasiune pentru un stil de via\u021b\u0103 sportiv Echipa blogului Sportano.ro este format\u0103 din sportivi pasiona\u021bi \u0219i entuzia\u0219ti de recreere activ\u0103, precum \u0219i din speciali\u0219ti de pe pia\u021ba de e-commerce. Cu cuno\u0219tin\u021bele \u0219i experien\u021ba noastr\u0103, dorim s\u0103 insufl\u0103m energie sportiv\u0103 \u00eencep\u0103torilor, s\u0103 motiv\u0103m \u0219i s\u0103 sprijinim entuzia\u0219tii \u0219i profesioni\u0219tii \u00een ridicarea performan\u021belor lor la cel [&hellip;]\" \/>\n<meta property=\"og:url\" content=\"https:\/\/sportano.ro\/blog\/editorii\/\" \/>\n<meta property=\"og:image\" content=\"http:\/\/sportano.ro\/blog\/wp-content\/uploads\/2022\/06\/o_nas-scaled.jpg\" \/>\n\t<meta property=\"og:image:width\" content=\"2560\" \/>\n\t<meta property=\"og:image:height\" content=\"1707\" \/>\n\t<meta property=\"og:image:type\" content=\"image\/jpeg\" \/>\n<meta name=\"twitter:card\" content=\"summary_large_image\" \/>\n<meta name=\"twitter:label1\" content=\"Timp estimat pentru citire\" \/>\n\t<meta name=\"twitter:data1\" content=\"1 minut\" \/>\n<!-- \/ Yoast SEO plugin. -->","yoast_head_json":{"title":"Editorii - Blog Sportano.ro","robots":{"index":"index","follow":"follow","max-snippet":"max-snippet:-1","max-image-preview":"max-image-preview:large","max-video-preview":"max-video-preview:-1"},"canonical":"https:\/\/sportano.ro\/blog\/editorii\/","og_locale":"ro_RO","og_type":"article","og_title":"Editorii - Blog Sportano.ro","og_description":"Din pasiune pentru un stil de via\u021b\u0103 sportiv Echipa blogului Sportano.ro este format\u0103 din sportivi pasiona\u021bi \u0219i entuzia\u0219ti de recreere activ\u0103, precum \u0219i din speciali\u0219ti de pe pia\u021ba de e-commerce. Cu cuno\u0219tin\u021bele \u0219i experien\u021ba noastr\u0103, dorim s\u0103 insufl\u0103m energie sportiv\u0103 \u00eencep\u0103torilor, s\u0103 motiv\u0103m \u0219i s\u0103 sprijinim entuzia\u0219tii \u0219i profesioni\u0219tii \u00een ridicarea performan\u021belor lor la cel [&hellip;]","og_url":"https:\/\/sportano.ro\/blog\/editorii\/","og_image":[{"width":2560,"height":1707,"url":"http:\/\/sportano.ro\/blog\/wp-content\/uploads\/2022\/06\/o_nas-scaled.jpg","type":"image\/jpeg"}],"twitter_card":"summary_large_image","twitter_misc":{"Timp estimat pentru citire":"1 minut"},"schema":{"@context":"https:\/\/schema.org","@graph":[{"@type":"WebPage","@id":"https:\/\/sportano.ro\/blog\/editorii\/","url":"https:\/\/sportano.ro\/blog\/editorii\/","name":"Editorii - Blog Sportano.ro","isPartOf":{"@id":"https:\/\/sportano.ro\/blog\/#website"},"primaryImageOfPage":{"@id":"https:\/\/sportano.ro\/blog\/editorii\/#primaryimage"},"image":{"@id":"https:\/\/sportano.ro\/blog\/editorii\/#primaryimage"},"thumbnailUrl":"https:\/\/sportano.ro\/blog\/wp-content\/uploads\/2022\/06\/o_nas-scaled.jpg","datePublished":"2022-06-03T08:32:02+00:00","breadcrumb":{"@id":"https:\/\/sportano.ro\/blog\/editorii\/#breadcrumb"},"inLanguage":"ro-RO","potentialAction":[{"@type":"ReadAction","target":["https:\/\/sportano.ro\/blog\/editorii\/"]}]},{"@type":"ImageObject","inLanguage":"ro-RO","@id":"https:\/\/sportano.ro\/blog\/editorii\/#primaryimage","url":"https:\/\/sportano.ro\/blog\/wp-content\/uploads\/2022\/06\/o_nas-scaled.jpg","contentUrl":"https:\/\/sportano.ro\/blog\/wp-content\/uploads\/2022\/06\/o_nas-scaled.jpg","width":2560,"height":1707,"caption":"Un grup de oameni se bucur\u0103 de priveli\u0219tea de pe un v\u00e2rf de munte"},{"@type":"BreadcrumbList","@id":"https:\/\/sportano.ro\/blog\/editorii\/#breadcrumb","itemListElement":[{"@type":"ListItem","position":1,"name":"Pagina principal\u0103","item":"https:\/\/sportano.ro\/blog\/"},{"@type":"ListItem","position":2,"name":"Editorii"}]},{"@type":"WebSite","@id":"https:\/\/sportano.ro\/blog\/#website","url":"https:\/\/sportano.ro\/blog\/","name":"","description":"","publisher":{"@id":"https:\/\/sportano.ro\/blog\/#organization"},"potentialAction":[{"@type":"SearchAction","target":{"@type":"EntryPoint","urlTemplate":"https:\/\/sportano.ro\/blog\/?s={search_term_string}"},"query-input":{"@type":"PropertyValueSpecification","valueRequired":true,"valueName":"search_term_string"}}],"inLanguage":"ro-RO"},{"@type":"Organization","@id":"https:\/\/sportano.ro\/blog\/#organization","name":"Sportano.ro","url":"https:\/\/sportano.ro\/blog\/","logo":{"@type":"ImageObject","inLanguage":"ro-RO","@id":"https:\/\/sportano.ro\/blog\/#\/schema\/logo\/image\/","url":"http:\/\/sportano.ro\/blog\/wp-content\/uploads\/2022\/04\/sportano-blog-logo.png","contentUrl":"http:\/\/sportano.ro\/blog\/wp-content\/uploads\/2022\/04\/sportano-blog-logo.png","width":1200,"height":200,"caption":"Sportano.ro"},"image":{"@id":"https:\/\/sportano.ro\/blog\/#\/schema\/logo\/image\/"}}]}},"_links":{"self":[{"href":"https:\/\/sportano.ro\/blog\/wp-json\/wp\/v2\/pages\/362","targetHints":{"allow":["GET"]}}],"collection":[{"href":"https:\/\/sportano.ro\/blog\/wp-json\/wp\/v2\/pages"}],"about":[{"href":"https:\/\/sportano.ro\/blog\/wp-json\/wp\/v2\/types\/page"}],"author":[{"embeddable":true,"href":"https:\/\/sportano.ro\/blog\/wp-json\/wp\/v2\/users\/7"}],"replies":[{"embeddable":true,"href":"https:\/\/sportano.ro\/blog\/wp-json\/wp\/v2\/comments?post=362"}],"version-history":[{"count":1,"href":"https:\/\/sportano.ro\/blog\/wp-json\/wp\/v2\/pages\/362\/revisions"}],"predecessor-version":[{"id":364,"href":"https:\/\/sportano.ro\/blog\/wp-json\/wp\/v2\/pages\/362\/revisions\/364"}],"wp:featuredmedia":[{"embeddable":true,"href":"https:\/\/sportano.ro\/blog\/wp-json\/wp\/v2\/media\/363"}],"wp:attachment":[{"href":"https:\/\/sportano.ro\/blog\/wp-json\/wp\/v2\/media?parent=362"}],"curies":[{"name":"wp","href":"https:\/\/api.w.org\/{rel}","templated":true}]}}